{"id":2886,"date":"2024-01-09T14:25:56","date_gmt":"2024-01-09T14:25:56","guid":{"rendered":"https:\/\/quintadotojal.com\/?page_id=2886"},"modified":"2024-01-09T14:32:56","modified_gmt":"2024-01-09T14:32:56","slug":"events","status":"publish","type":"page","link":"https:\/\/quintadotojal.com\/pt\/events\/","title":{"rendered":"Eventos"},"content":{"rendered":"<p>[vc_section][vc_row][vc_column][vc_column_text]Abra a porta para momentos inesquec\u00edveis! Escolha a Quinta do Tojal como cen\u00e1rio para o seu pr\u00f3ximo evento, onde um servi\u00e7o excepcional e espa\u00e7os elegantes convergem para criar o cen\u00e1rio perfeito para a sua ocasi\u00e3o especial. Vamos dar vida \u00e0 sua vis\u00e3o juntos \u2013 organize seu evento conosco![\/vc_column_text]<div style=\"clear:both; width:100%; height:50px\"><\/div>[vc_gallery type=&#8221;image_grid&#8221; images=&#8221;2887,2888,2889,2891,2893,2894,2895,2896,2897,2898,2899,2901,2902,2903,2905,2906,2907,2908,2909,2910,2912,2913,2914&#8243;]<div style=\"clear:both; width:100%; height:100px\"><\/div>[\/vc_column][\/vc_row][\/vc_section]<\/p>\n","protected":false},"excerpt":{"rendered":"<p>[vc_section][vc_row][vc_column][vc_column_text]Abra a porta para momentos inesquec\u00edveis! Escolha a Quinta do Tojal como cen\u00e1rio para o seu pr\u00f3ximo evento, onde um servi\u00e7o excepcional e espa\u00e7os elegantes convergem para criar o cen\u00e1rio perfeito para a sua ocasi\u00e3o especial. Vamos dar vida \u00e0 sua vis\u00e3o juntos \u2013 organize seu evento conosco![\/vc_column_text][vc_gallery type=&#8221;image_grid&#8221; images=&#8221;2887,2888,2889,2891,2893,2894,2895,2896,2897,2898,2899,2901,2902,2903,2905,2906,2907,2908,2909,2910,2912,2913,2914&#8243;][\/vc_column][\/vc_row][\/vc_section]<\/p>\n","protected":false},"author":1,"featured_media":0,"parent":0,"menu_order":0,"comment_status":"closed","ping_status":"closed","template":"","meta":{"inline_featured_image":false,"footnotes":"","_joinchat":[]},"_links":{"self":[{"href":"https:\/\/quintadotojal.com\/pt\/wp-json\/wp\/v2\/pages\/2886"}],"collection":[{"href":"https:\/\/quintadotojal.com\/pt\/wp-json\/wp\/v2\/pages"}],"about":[{"href":"https:\/\/quintadotojal.com\/pt\/wp-json\/wp\/v2\/types\/page"}],"author":[{"embeddable":true,"href":"https:\/\/quintadotojal.com\/pt\/wp-json\/wp\/v2\/users\/1"}],"replies":[{"embeddable":true,"href":"https:\/\/quintadotojal.com\/pt\/wp-json\/wp\/v2\/comments?post=2886"}],"version-history":[{"count":6,"href":"https:\/\/quintadotojal.com\/pt\/wp-json\/wp\/v2\/pages\/2886\/revisions"}],"predecessor-version":[{"id":2917,"href":"https:\/\/quintadotojal.com\/pt\/wp-json\/wp\/v2\/pages\/2886\/revisions\/2917"}],"wp:attachment":[{"href":"https:\/\/quintadotojal.com\/pt\/wp-json\/wp\/v2\/media?parent=2886"}],"curies":[{"name":"wp","href":"https:\/\/api.w.org\/{rel}","templated":true}]}}