{"id":493,"date":"2018-10-15T20:43:14","date_gmt":"2018-10-15T20:43:14","guid":{"rendered":"http:\/\/wordpress-89239-751427.cloudwaysapps.com\/?page_id=493"},"modified":"2024-01-09T12:22:23","modified_gmt":"2024-01-09T12:22:23","slug":"homepage-2","status":"publish","type":"page","link":"https:\/\/quintadotojal.com\/pt\/","title":{"rendered":"Homepage"},"content":{"rendered":"<p>[vc_row disable_element=&#8221;yes&#8221;][vc_column]<div style=\"clear:both; width:100%; height:50px\"><\/div>\t\t<div class=\"homey-module module-title section-title-module text-center \">\r\n\t\t\t<h2 >Alojamentos em destaque<\/h2>\r\n\r\n\t\t\t<p style=\"font-size: 15px; \" class=\"sub-heading\">Da vasta oferta de alojamentos fa\u00e7a a sua escolha e sinta-se em casa!<\/p>\r\n\t\t<\/div>\r\n\t\t<div style=\"clear:both; width:100%; height:30px\"><\/div>\r\n\t\t<div class=\"module-wrap property-module-grid listing-carousel-next-prev-fjBY9 property-module-grid-slider property-module-grid-slider-3cols\">\r\n\t\t\t<div class=\"listing-wrap item-grid-view\">\r\n\t\t\t\t<div class=\"row\">\r\n\t\t\t\t\t<div id=\"homey-listing-carousel-fjBY9\" data-token=\"fjBY9\" class=\"homey-carousel homey-carouse-elementor item-grid-slider-view item-grid-slider-view-3cols\">\r\n\t\t\t\t\t\t<div class=\"item-wrap infobox_trigger homey-matchHeight\"  data-id=\"2805\">\n    <div class=\"media property-item\">\n        <div class=\"media-left\">\n            <div class=\"item-media item-media-thumb\">\n                \n                \n                <a class=\"hover-effect\" href=\"https:\/\/quintadotojal.com\/pt\/listing\/quinta-do-tojal\/\">\n                <img loading=\"lazy\" decoding=\"async\" width=\"450\" height=\"300\" src=\"https:\/\/quintadotojal.com\/wp-content\/uploads\/2024\/01\/abbf910bc060-450x300.jpg\" class=\"img-responsive wp-post-image\" alt=\"59995\" srcset=\"https:\/\/quintadotojal.com\/wp-content\/uploads\/2024\/01\/abbf910bc060-450x300.jpg 450w, https:\/\/quintadotojal.com\/wp-content\/uploads\/2024\/01\/abbf910bc060-1140x760.jpg 1140w, https:\/\/quintadotojal.com\/wp-content\/uploads\/2024\/01\/abbf910bc060-120x80.jpg 120w\" sizes=\"(max-width: 450px) 100vw, 450px\" \/>                <\/a>\n\n                \n                                <div class=\"item-user-image\">\n                    <img loading=\"lazy\" decoding=\"async\" src=\"https:\/\/quintadotojal.com\/wp-content\/themes\/homey\/images\/avatar.png\" class=\"img-responsive img-circle\" alt=\"ynnovadmin\" width=\"36\" height=\"36\">                <\/div>\n                            <\/div>\n        <\/div>\n        <div class=\"media-body item-body clearfix\">\n            <div class=\"item-title-head table-block\">\n                <div class=\"title-head-left\">\n                    <h2 class=\"title\"><a href=\"https:\/\/quintadotojal.com\/pt\/listing\/quinta-do-tojal\/\">\n                    Quinta do Tojal<\/a><\/h2>\n                                    <\/div>\n            <\/div>\n\n                        <ul class=\"item-amenities\">\n                \n                \n                \n                \n                                <li class=\"item-type\">\n                    <span class=\"carousel-item-tipology\">Tipologia:<\/span>\n                    Casa<\/li>\n                            <\/ul>\n            \n                        <div class=\"item-user-image list-item-hidden\">\n                    <img loading=\"lazy\" decoding=\"async\" src=\"https:\/\/quintadotojal.com\/wp-content\/themes\/homey\/images\/avatar.png\" class=\"img-responsive img-circle\" alt=\"ynnovadmin\" width=\"36\" height=\"36\">                    <span class=\"item-user-info\">Hosted by<br>\n                    ynnovadmin<\/span>\n            <\/div>\n            \n            <div class=\"item-footer\">\n\n                                <div class=\"footer-right\">\n                    <div class=\"item-tools\">\n                        <div class=\"btn-group dropup\">\n                            <button class=\"btn-item-tools dropdown-toggle\" type=\"button\" data-toggle=\"dropdown\" aria-haspopup=\"true\" aria-expanded=\"false\"><i class=\"fa fa-ellipsis-v\" aria-hidden=\"true\"><\/i><\/button>\n<ul class=\"dropdown-menu\">\n    <li>\n    \t<a class=\"homey_compare compare-2805\" href=\"\" data-listing_id=\"2805\">Compare<\/a>\n    <\/li>\n    <li>\n    \t<a href=\"\" class=\"add_fav\" data-listid=\"2805\">\n    \t\tAdd to Favorite    \t<\/a>\n    <\/li>\n<\/ul>                        <\/div>\n                    <\/div>\n                <\/div>\n                \n                \n            <\/div>\n        <\/div>\n    <\/div>\n<\/div><!-- .item-wrap -->\t\t\t\t\t<\/div>\r\n\t\t\t\t<\/div>\r\n\t\t\t<\/div><!-- grid-listing-page -->\r\n\t\t<\/div>\r\n\t\t\r\n\t\t<div style=\"clear:both; width:100%; height:30px\"><\/div>[\/vc_column][\/vc_row][vc_row][vc_column][vc_empty_space height=&#8221;50&#8243;]\t\t<div class=\"homey-module module-title section-title-module text-center \">\r\n\t\t\t<h2 >Bem-vindos \u00e0 Quinta do Tojal<\/h2>\r\n\r\n\t\t\t<p  class=\"sub-heading\"><\/p>\r\n\t\t<\/div>\r\n\t\t[\/vc_column][vc_column width=&#8221;1\/2&#8243;][vc_empty_space height=&#8221;25px&#8221;][vc_column_text css_animation=&#8221;bounceInLeft&#8221;]<\/p>\n<div align=\"justify\">\n<p class=\"p1\">Em 1887, Joaquim Sousa Ribeiro, trisav\u00f4 do atual propriet\u00e1rio, manda erguer a Casa do Tojal. Situada no Norte Ribatejano no concelho de Ferreira do Z\u00eazere, a Quinta do Tojal est\u00e1 dotada de boas vias de comunica\u00e7\u00e3o e acesso aos principais centros urbanos. A barragem de Castelo de Bode, um dos grandes atrativos da regi\u00e3o, \u00e9 considerada, por excel\u00eancia, uma zona balnear de belas praias fluviais no Ver\u00e3o e o ano inteiro para a pr\u00e1tica de desportos n\u00e1uticos.<\/p>\n<p class=\"p1\">A propriedade com cerca de 7.4 hectares, abriga o edif\u00edcio original da Quinta, a Casa com cerca de 2 230m2.<\/p>\n<p class=\"p1\">Constru\u00edda ao gosto da \u00e9poca, a Casa do Tojal \u00e9 despojada e simples, n\u00e3o obstante a ainda patente impon\u00eancia e dimens\u00e3o. Possu\u00ed cerca de duas dezenas de assoalhadas, entre quartos e salas, distribu\u00eddas por dois andares.<\/p>\n<\/div>\n<p>[\/vc_column_text][\/vc_column][vc_column width=&#8221;1\/2&#8243;][vc_single_image image=&#8221;2733&#8243; img_size=&#8221;large&#8221; alignment=&#8221;center&#8221; style=&#8221;vc_box_rounded&#8221;][\/vc_column][vc_column][vc_empty_space][\/vc_column][\/vc_row][vc_row full_width=&#8221;stretch_row&#8221; disable_element=&#8221;yes&#8221; css=&#8221;.vc_custom_1704207003671{background-color: #f1f2f3 !important;}&#8221;][vc_column css_animation=&#8221;bounceInUp&#8221; css=&#8221;.vc_custom_1613674775311{background-color: #f9f9f9 !important;}&#8221;]<div style=\"clear:both; width:100%; height:50px\"><\/div>\t\t<div class=\"homey-module module-title section-title-module text-center \">\r\n\t\t\t<h2 >Escolha o seu destino ou a tipologia pretendida<\/h2>\r\n\r\n\t\t\t<p  class=\"sub-heading\"><\/p>\r\n\t\t<\/div>\r\n\t\t<div style=\"clear:both; width:100%; height:30px\"><\/div>\r\n\t\t<div class=\"module-wrap taxonomy-grid taxonomy-grid-1\">\r\n\t\t\t<div class=\"row\">\r\n\t\t\t\t\r\n\t\t\t\t\t<div class=\"col-lg-6 col-md-6 col-sm-6 col-xs-12\">\r\n\t\t\t\t\t\t<div class=\"taxonomy-item taxonomy-card\">\r\n\t\t\t\t\t\t\t<a class=\"taxonomy-link hover-effect\" href=\"\/search-results\/?listing_type=house\">\r\n\t\t\t\t\t\t\t\t<div class=\"taxonomy-title\">Casa<\/div>\r\n\t\t\t\t\t\t\t\t<img loading=\"lazy\" decoding=\"async\" class=\"img-responsive\" src=\"https:\/\/quintadotojal.com\/wp-content\/uploads\/2018\/10\/01-1-750x500-1-555x360.jpg\" width=\"555\" height=\"360\" alt=\"listing_type\">\r\n\t\t\t\t\t\t\t<\/a>\r\n\t\t\t\t\t\t<\/div>\r\n\t\t\t\t\t<\/div>\r\n\r\n\t\t\t\t\t\t\t\t\t\r\n\t\t\t<\/div>\r\n\t\t<\/div>\r\n\t\t\r\n\t\t[vc_btn title=&#8221;Conhe\u00e7a todos os nossos alojamentos&#8221; color=&#8221;inverse&#8221; size=&#8221;sm&#8221; align=&#8221;center&#8221; button_block=&#8221;true&#8221; el_class=&#8221;.btn&#8221; css=&#8221;.vc_custom_1613674710212{margin-top: -30px !important;}&#8221; link=&#8221;url:https%3A%2F%2Fynnovation.net%2Fys-yb-web2%2Fhalf-map%2F|title:Half%20Map&#8221;]<div style=\"clear:both; width:100%; height:80px\"><\/div>[\/vc_column][\/vc_row][vc_row disable_element=&#8221;yes&#8221;][vc_column]\t\t<div class=\"homey-module module-title section-title-module text-center homey-section-title-light\">\r\n\t\t\t<h2 >Campanhas Promocionais<\/h2>\r\n\r\n\t\t\t<p style=\"font-size: 15px; \" class=\"sub-heading\">Reserve directamente connosco e beneficie do melhor pre\u00e7o. Temos v\u00e1rias campanhas em vigor que oferecem descontos consoante a anteced\u00eancia ou dura\u00e7\u00e3o da estadia.<\/p>\r\n\t\t<\/div>\r\n\t\t[vc_row_inner equal_height=&#8221;yes&#8221;][vc_column_inner el_class=&#8221;promo-ynnov&#8221; width=&#8221;1\/3&#8243;]\t\t<div class=\"item-promo\">\r\n\t\t\t<div class=\"media\">\r\n\t\t\t\t\t\t\t\t<div class=\"item-promo-image\">\r\n\t\t\t\t\t<div class=\"item-media item-media-thumb\">\r\n\t\t\t\t\t\t<a href=\"https:\/\/web.ynnovbooking.com\/?l=pt&#038;apikey=YNBv1zTkBhakvBVFUfgSpL1N0hjML4Fc\">\r\n\t\t\t\t\t\t\t<img loading=\"lazy\" decoding=\"async\" width=\"1\" height=\"1\" src=\"https:\/\/quintadotojal.com\/wp-content\/uploads\/2021\/02\/icon_tags.svg\" class=\"img-responsive\" alt=\"\" \/>\t\t\t\t\t\t<\/a>\r\n\t\t\t\t\t<\/div>\r\n\t\t\t\t<\/div>\r\n\t\t\t\t\t\t\t\t<div class=\"media-body item-body\">\r\n\t\t\t\t\t<div class=\"item-title-head\">\r\n\t\t\t\t\t\t<div class=\"text-left\">\r\n\t\t\t\t\t\t\t<h2 class=\"title\">\r\n\t\t\t\t\t\t\t\t<a href=\"https:\/\/web.ynnovbooking.com\/?l=pt&#038;apikey=YNBv1zTkBhakvBVFUfgSpL1N0hjML4Fc\">Reserva Antecipada<\/a>\r\n\t\t\t\t\t\t\t<\/h2>\r\n\t\t\t\t\t\t\tPara reservas efetuadas com anteced\u00eancia <strong>m\u00ednima<\/strong> <strong>28 dias<\/strong> usufrua <strong>5% de desconto<\/strong>.\t\t\t\t\t\t<\/div>\r\n\t\t\t\t\t<\/div>\r\n\t\t\t\t\t\t\t\t\t\t<div class=\"item-promo-footer\">\r\n\t\t\t\t\t\t<a href=\"https:\/\/web.ynnovbooking.com\/?l=pt&#038;apikey=YNBv1zTkBhakvBVFUfgSpL1N0hjML4Fc\">Reservar<\/a>\r\n\t\t\t\t\t<\/div>\r\n\t\t\t\t\t\t\t\t\t<\/div>\r\n\t\t\t<\/div>\r\n\t\t<\/div>\r\n\r\n\t\t[\/vc_column_inner][vc_column_inner el_class=&#8221;promo-ynnov&#8221; width=&#8221;1\/3&#8243;]\t\t<div class=\"item-promo\">\r\n\t\t\t<div class=\"media\">\r\n\t\t\t\t\t\t\t\t<div class=\"item-promo-image\">\r\n\t\t\t\t\t<div class=\"item-media item-media-thumb\">\r\n\t\t\t\t\t\t<a href=\"https:\/\/web.ynnovbooking.com\/?l=pt&#038;apikey=YNBv1zTkBhakvBVFUfgSpL1N0hjML4Fc\">\r\n\t\t\t\t\t\t\t<img loading=\"lazy\" decoding=\"async\" width=\"1\" height=\"1\" src=\"https:\/\/quintadotojal.com\/wp-content\/uploads\/2021\/02\/icon_tags.svg\" class=\"img-responsive\" alt=\"\" \/>\t\t\t\t\t\t<\/a>\r\n\t\t\t\t\t<\/div>\r\n\t\t\t\t<\/div>\r\n\t\t\t\t\t\t\t\t<div class=\"media-body item-body\">\r\n\t\t\t\t\t<div class=\"item-title-head\">\r\n\t\t\t\t\t\t<div class=\"text-left\">\r\n\t\t\t\t\t\t\t<h2 class=\"title\">\r\n\t\t\t\t\t\t\t\t<a href=\"https:\/\/web.ynnovbooking.com\/?l=pt&#038;apikey=YNBv1zTkBhakvBVFUfgSpL1N0hjML4Fc\">Reserva de \u00daltima Hora<\/a>\r\n\t\t\t\t\t\t\t<\/h2>\r\n\t\t\t\t\t\t\t<\/p>\n<div data-pm-slice=\"1 1 []\" data-en-clipboard=\"true\">Aproveite o <strong>desconto 10%<\/strong> de \u00faltima hora oferecido para reservas efetuadas para os <strong>pr\u00f3ximos 3 dias<\/strong>.<\/div>\n<p>\t\t\t\t\t\t<\/div>\r\n\t\t\t\t\t<\/div>\r\n\t\t\t\t\t\t\t\t\t\t<div class=\"item-promo-footer\">\r\n\t\t\t\t\t\t<a href=\"https:\/\/web.ynnovbooking.com\/?l=pt&#038;apikey=YNBv1zTkBhakvBVFUfgSpL1N0hjML4Fc\">Reservar<\/a>\r\n\t\t\t\t\t<\/div>\r\n\t\t\t\t\t\t\t\t\t<\/div>\r\n\t\t\t<\/div>\r\n\t\t<\/div>\r\n\r\n\t\t[\/vc_column_inner][vc_column_inner el_class=&#8221;promo-ynnov&#8221; width=&#8221;1\/3&#8243;]\t\t<div class=\"item-promo\">\r\n\t\t\t<div class=\"media\">\r\n\t\t\t\t\t\t\t\t<div class=\"item-promo-image\">\r\n\t\t\t\t\t<div class=\"item-media item-media-thumb\">\r\n\t\t\t\t\t\t<a href=\"https:\/\/web.ynnovbooking.com\/?l=pt&#038;apikey=YNBv1zTkBhakvBVFUfgSpL1N0hjML4Fc\">\r\n\t\t\t\t\t\t\t<img loading=\"lazy\" decoding=\"async\" width=\"1\" height=\"1\" src=\"https:\/\/quintadotojal.com\/wp-content\/uploads\/2021\/02\/icon_tags.svg\" class=\"img-responsive\" alt=\"\" \/>\t\t\t\t\t\t<\/a>\r\n\t\t\t\t\t<\/div>\r\n\t\t\t\t<\/div>\r\n\t\t\t\t\t\t\t\t<div class=\"media-body item-body\">\r\n\t\t\t\t\t<div class=\"item-title-head\">\r\n\t\t\t\t\t\t<div class=\"text-left\">\r\n\t\t\t\t\t\t\t<h2 class=\"title\">\r\n\t\t\t\t\t\t\t\t<a href=\"https:\/\/web.ynnovbooking.com\/?l=pt&#038;apikey=YNBv1zTkBhakvBVFUfgSpL1N0hjML4Fc\">Estadias Longas<\/a>\r\n\t\t\t\t\t\t\t<\/h2>\r\n\t\t\t\t\t\t\t<\/p>\n<div data-pm-slice=\"1 1 []\" data-en-clipboard=\"true\">Em estadias que contemplam um m\u00ednimo de <strong>7 noites<\/strong> usufrua de <strong>1o% de desconto<\/strong> no total da estadia.<\/div>\n<p>\t\t\t\t\t\t<\/div>\r\n\t\t\t\t\t<\/div>\r\n\t\t\t\t\t\t\t\t\t\t<div class=\"item-promo-footer\">\r\n\t\t\t\t\t\t<a href=\"https:\/\/web.ynnovbooking.com\/?l=pt&#038;apikey=YNBv1zTkBhakvBVFUfgSpL1N0hjML4Fc\">Reservar<\/a>\r\n\t\t\t\t\t<\/div>\r\n\t\t\t\t\t\t\t\t\t<\/div>\r\n\t\t\t<\/div>\r\n\t\t<\/div>\r\n\r\n\t\t[\/vc_column_inner][\/vc_row_inner][\/vc_column][\/vc_row][vc_row full_width=&#8221;stretch_row&#8221; css=&#8221;.vc_custom_1539962199495{background-color: #ffffff !important;}&#8221;][vc_column]<div style=\"clear:both; width:100%; height:50px\"><\/div>\t\t<div class=\"homey-module module-title section-title-module text-center \">\r\n\t\t\t<h2 >O que dizem os nossos h\u00f3spedes<\/h2>\r\n\r\n\t\t\t<p style=\"font-size: 15px; \" class=\"sub-heading\">A nossa melhor recompensa \u00e9 a satisfa\u00e7\u00e3o dos nossos h\u00f3spedes<\/p>\r\n\t\t<\/div>\r\n\t\t<div style=\"clear:both; width:100%; height:30px\"><\/div>\n        <!--start testimonials module-->\n        \n                        <script>\n                jQuery(document).ready(function ($) {\n\n                    $('.testimonials-slider').slick({\n                        rtl: false,\n                        lazyLoad: 'ondemand',\n                        infinite: true,\n                        speed: 300,\n                        slidesToShow: 4,\n                        arrows: true,\n                        adaptiveHeight: true,\n                        dots: true,\n                        appendArrows: '.testimonials-module-slider',\n                        prevArrow: '<button type=\"button\" class=\"slick-prev\">Anterior<\/button>',\n                        nextArrow: '<button type=\"button\" class=\"slick-next\">Seguinte<\/button>',\n                        responsive: [\n                        {\n                            breakpoint: 992,\n                            settings: {\n                                slidesToShow: 2,\n                                slidesToScroll: 2\n                            }\n                        },\n                        {\n                            breakpoint: 769,\n                            settings: {\n                                slidesToShow: 1,\n                                slidesToScroll: 1\n                            }\n                        }]\n                    });\n\n                });\n            <\/script>\n\n            <div class=\"module-wrap testimonials-module testimonials-module-slider\">\n                <div class=\"testimonials-slider-wrap\">\n                    <div class=\"row\">\n                        <div class=\"testimonials-slider\">\n                            <div class=\"testimonial-item text-center\"><p class=\"description\">This is an absolutely amazing place. Pictures do not do it justice. It is magnificent and steeped in history. It\u2019s like staying in a museum (in a good way!) The place is huge with many places to relax and enjoy your holidays. The bathrooms are modern and everything was in perfect working order. We also catered a meal, which I highly recommend. The on-site villa hostess, Luisa, is very accommodating and kind. She keeps this place spotless which is quite a feat considering the size. She is truly wonderful. We were very sad to leave! We only wish there was a book describing the history of the place and the beautiful artifacts.<\/p><div class=\"testimonial-thumb\"><\/div><p class=\"auther-info\"><strong>Tina<\/strong><br><em> Denver, Colorado<\/em><\/p><\/div><div class=\"testimonial-item text-center\"><p class=\"description\">We spent in Manuel\u2019s place unforgettable week in September. This house is absolutely special. It\u2019s huge and full of character and amazing details. Makes you feel like you live in a fairy tale palace. Luisa, a house keeper, is helpful and friendly. She keeps the house clean and shiny. Nice touch is that you get fresh bread every morning. You can also order breakfast , if you wish. Rooms are cleaned every day and beds are made every day as well. The house has several outdoor patios and a beautiful pool. We were staying with a large group of people and had more than enough space. Location is good but you need a car to get around and see the country.\r\nThis place is amazing and I would definitely come there again.<\/p><div class=\"testimonial-thumb\"><\/div><p class=\"auther-info\"><strong>Lesya<\/strong><br><em>Toronto, Canad\u00e1<\/em><\/p><\/div><div class=\"testimonial-item text-center\"><p class=\"description\">Quinta do Tojal surpassed all our expectations. We were a group of 10 people and the house accommodated us all comfortably and beautifully. This historical house offers great facilities such as a large swimming pool, barbecue grill, pizza oven. A wide choice of dining spaces, large and comfortable bedrooms and bathrooms, all very well cleaned and maintained. Luiza, the house keeper is a fantastic help giving local tips (her cousins\u2019 homemade olive oil is delicious - definitely worth ordering some from her!) and brings lovely bread every morning. We also loved the wine from quinta da alorna given to us by Manuel at arrival. There is a wide choice of activities in the area around the house - visits to river beaches, lakes, historical xisto villages, foraging walks.<\/p><div class=\"testimonial-thumb\"><\/div><p class=\"auther-info\"><strong>Kuka<\/strong><br><em>Londres, Reino Unido<\/em><\/p><\/div><div class=\"testimonial-item text-center\"><p class=\"description\">Piscina espetacular, casa apalacada com excelente ambiente e condi\u00e7\u00f5es para uns dias fantasticos de descanso. Bom pequeno almoco e e simpatia da Luisa que nos recebeu muito bem. Para repetir !<\/p><div class=\"testimonial-thumb\"><\/div><p class=\"auther-info\"><strong>Pedro<\/strong><br><em>Portugal<\/em><\/p><\/div><div class=\"testimonial-item text-center\"><p class=\"description\">A hospitalidade e simpatia da Lu\u00edsa \u00e9 excepcional. Muito dispon\u00edvel, deixou-nos completamente \u00e0 vontade para disfrutar da quinta. Todo o espa\u00e7o da Quinta \u00e9 incr\u00edvel, foi uma estadia a corresponder exactamente \u00e0s expectativas. Ador\u00e1mos!<\/p><div class=\"testimonial-thumb\"><\/div><p class=\"auther-info\"><strong>Marita<\/strong><br><em>Portugal<\/em><\/p><\/div><div class=\"testimonial-item text-center\"><p class=\"description\">Gorgeous Quinta in which to enjoy the Portuguese countryside with leisure.\r\nQuiet location, superb upkeep.<\/p><div class=\"testimonial-thumb\"><\/div><p class=\"auther-info\"><strong>Gorky<\/strong><br><em>EUA<\/em><\/p><\/div>                        <\/div>\n                    <\/div>\n                <\/div>\n            <\/div>\n\n                <!--end post testimonials module-->\n\n\n        [\/vc_column][\/vc_row][vc_row full_width=&#8221;stretch_row_content_no_spaces&#8221;][vc_column][vc_gmaps link=&#8221;#E-8_JTNDaWZyYW1lJTIwc3JjJTNEJTIyaHR0cHMlM0ElMkYlMkZ3d3cuZ29vZ2xlLmNvbSUyRm1hcHMlMkZkJTJGZW1iZWQlM0ZtaWQlM0QxTWpKUURsSEQ5SXRxVThIUDFGU3dpN0xwVTVpSndxMCUyNmVoYmMlM0QyRTMxMkYlMjZub3Byb2YlM0QxJTIyJTIwd2lkdGglM0QlMjI2NDAlMjIlMjBoZWlnaHQlM0QlMjI0ODAlMjIlM0UlM0MlMkZpZnJhbWUlM0U=&#8221;][\/vc_column][\/vc_row]<\/p>\n","protected":false},"excerpt":{"rendered":"<p>[vc_row disable_element=&#8221;yes&#8221;][vc_column][\/vc_column][\/vc_row][vc_row][vc_column][vc_empty_space height=&#8221;50&#8243;][\/vc_column][vc_column width=&#8221;1\/2&#8243;][vc_empty_space height=&#8221;25px&#8221;][vc_column_text css_animation=&#8221;bounceInLeft&#8221;] Em 1887, Joaquim Sousa Ribeiro, trisav\u00f4 do atual propriet\u00e1rio, manda erguer a Casa do Tojal. Situada no Norte Ribatejano no concelho de Ferreira do Z\u00eazere, a Quinta do Tojal est\u00e1 dotada de boas vias de comunica\u00e7\u00e3o e acesso aos principais centros urbanos. A barragem de Castelo de Bode, um [&hellip;]<\/p>\n","protected":false},"author":1,"featured_media":0,"parent":0,"menu_order":0,"comment_status":"closed","ping_status":"closed","template":"template\/template-homepage.php","meta":{"inline_featured_image":false,"footnotes":"","_joinchat":[]},"_links":{"self":[{"href":"https:\/\/quintadotojal.com\/pt\/wp-json\/wp\/v2\/pages\/493"}],"collection":[{"href":"https:\/\/quintadotojal.com\/pt\/wp-json\/wp\/v2\/pages"}],"about":[{"href":"https:\/\/quintadotojal.com\/pt\/wp-json\/wp\/v2\/types\/page"}],"author":[{"embeddable":true,"href":"https:\/\/quintadotojal.com\/pt\/wp-json\/wp\/v2\/users\/1"}],"replies":[{"embeddable":true,"href":"https:\/\/quintadotojal.com\/pt\/wp-json\/wp\/v2\/comments?post=493"}],"version-history":[{"count":27,"href":"https:\/\/quintadotojal.com\/pt\/wp-json\/wp\/v2\/pages\/493\/revisions"}],"predecessor-version":[{"id":2847,"href":"https:\/\/quintadotojal.com\/pt\/wp-json\/wp\/v2\/pages\/493\/revisions\/2847"}],"wp:attachment":[{"href":"https:\/\/quintadotojal.com\/pt\/wp-json\/wp\/v2\/media?parent=493"}],"curies":[{"name":"wp","href":"https:\/\/api.w.org\/{rel}","templated":true}]}}